{"id":519,"date":"2026-03-12T07:44:41","date_gmt":"2026-03-12T05:44:41","guid":{"rendered":"https:\/\/www.maxlehti.fi\/?page_id=519"},"modified":"2026-03-12T09:59:59","modified_gmt":"2026-03-12T07:59:59","slug":"hemsida","status":"publish","type":"page","link":"https:\/\/www.maxlehti.fi\/?lang=sv","title":{"rendered":"Home"},"content":{"rendered":"\n<div style=\"height:40px\" aria-hidden=\"true\" class=\"wp-block-spacer\"><\/div>\n\n\n\n<div class=\"wp-block-cover\" style=\"margin-top:0;margin-bottom:0;min-height:1225px;aspect-ratio:unset;\"><img loading=\"lazy\" decoding=\"async\" width=\"2048\" height=\"2560\" class=\"wp-block-cover__image-background wp-image-19 size-full\" alt=\"\" src=\"https:\/\/www.maxlehti.fi\/wp-content\/uploads\/2025\/10\/IMG_8806b-scaled.jpg\" style=\"object-position:50% 42%\" data-object-fit=\"cover\" data-object-position=\"50% 42%\" srcset=\"https:\/\/www.maxlehti.fi\/wp-content\/uploads\/2025\/10\/IMG_8806b-scaled.jpg 2048w, https:\/\/www.maxlehti.fi\/wp-content\/uploads\/2025\/10\/IMG_8806b-240x300.jpg 240w, https:\/\/www.maxlehti.fi\/wp-content\/uploads\/2025\/10\/IMG_8806b-819x1024.jpg 819w, https:\/\/www.maxlehti.fi\/wp-content\/uploads\/2025\/10\/IMG_8806b-768x960.jpg 768w, https:\/\/www.maxlehti.fi\/wp-content\/uploads\/2025\/10\/IMG_8806b-1229x1536.jpg 1229w, https:\/\/www.maxlehti.fi\/wp-content\/uploads\/2025\/10\/IMG_8806b-1638x2048.jpg 1638w\" sizes=\"auto, (max-width: 2048px) 100vw, 2048px\" \/><span aria-hidden=\"true\" class=\"wp-block-cover__background has-background-dim-100 has-background-dim wp-block-cover__gradient-background has-background-gradient\" style=\"background:linear-gradient(180deg,rgb(251,147,48) 0%,rgba(255,255,255,0) 17%,rgba(255,255,255,0) 56%,rgb(17,17,17) 96%,rgb(17,17,17) 100%)\"><\/span><div class=\"wp-block-cover__inner-container is-layout-flow wp-block-cover-is-layout-flow\">\n<p class=\"has-text-align-center has-bohemianwhisper-font-family has-xx-large-font-size\" style=\"margin-top:0;margin-right:0;margin-bottom:0;margin-left:0;padding-right:0;padding-left:0\">&#8230;vem Max?<\/p>\n\n\n\n<p class=\"has-text-align-center\" style=\"padding-top:var(--wp--preset--spacing--20);padding-bottom:var(--wp--preset--spacing--20)\"><strong>Hej! Jag \u00e4r Max Lehti fr\u00e5n Kilo i Esbo.<\/strong><\/p>\n\n\n\n<p class=\"has-text-align-center is-style-default\" style=\"padding-top:0;padding-right:var(--wp--preset--spacing--50);padding-bottom:0;padding-left:var(--wp--preset--spacing--50)\"><strong>\u00c5ren 2024\u20132025 tillbringade jag till stor del bland kampanjarbete. Som f\u00f6ljd av kommunal- och v\u00e4lf\u00e4rdsomr\u00e5desvalen valdes jag att representera V\u00e4nsterf\u00f6rbundet i HUS Nationalspr\u00e5ksn\u00e4mnd, d\u00e4r jag arbetar f\u00f6r att fr\u00e4mja tillg\u00e5ngen till HUS h\u00e4lsotj\u00e4nster p\u00e5 b\u00e5da v\u00e5ra nationalspr\u00e5k.<\/strong><\/p>\n\n\n\n<p class=\"has-text-align-center\" style=\"border-top-left-radius:0px;border-top-right-radius:0px;border-bottom-left-radius:0px;border-bottom-right-radius:0px;margin-top:0;margin-bottom:0;padding-top:var(--wp--preset--spacing--30);padding-right:var(--wp--preset--spacing--50);padding-bottom:0;padding-left:var(--wp--preset--spacing--50)\"><strong>Jag har l\u00e4nge varit en aktiv medlem i V\u00e4nsterunga. \u00c5r 2024 var jag med och \u00e5terupplivade Esbo V\u00e4nsterunga. Sedan dess har jag varit med och producerat inneh\u00e5ll f\u00f6r sociala medier f\u00f6r b\u00e5de Esbo V\u00e4nsterunga och m\u00e5nga andra v\u00e4nsterorganisationer.<\/strong> <\/p>\n\n\n<div class=\"align img {border-radius: 50%; } wp-block-tlgb-b-timeline-block\" id='BTimelineBlock-1'\r\n  data-attributes='{&quot;timelines&quot;:[{&quot;icon&quot;:&quot;&lt;svg xmlns=&#039;http:\\\/\\\/www.w3.org\\\/2000\\\/svg&#039; viewBox=&#039;0 0 448 512&#039;&gt;&lt;path d=&#039;M64 32C28.7 32 0 60.7 0 96V416c0 35.3 28.7 64 64 64h98.2V334.2H109.4V256h52.8V222.3c0-87.1 39.4-127.5 125-127.5c16.2 0 44.2 3.2 55.7 6.4V172c-6-.6-16.5-1-29.6-1c-42 0-58.2 15.9-58.2 57.2V256h83.6l-14.4 78.2H255V480H384c35.3 0 64-28.7 64-64V96c0-35.3-28.7-64-64-64H64z&#039;\\\/&gt;&lt;\\\/svg&gt;&quot;,&quot;date&quot;:&quot;02-02-2002&quot;,&quot;label&quot;:&quot;2017-2019&quot;,&quot;description&quot;:&quot;&lt;b&gt;Tiden i Svensk Ungdom (m\\u00f6rkrets tid)&lt;\\\/b&gt;\\nJag gick med i Svensk Ungdom som ca 14-\\u00e5ring.\\nJag hann sitta tv\\u00e5 mandatperioder i Nylands kretsstyrelse som ordinarie, samt som suppleant.\\nJag l\\u00e4rde mig mycket i organisationen, men m\\u00e4rkte n\\u00e4r jag blev \\u00e4ldre att varken SFP:s eller Svensk Ungdoms politik passade mig.\\nJag m\\u00e4rkte att jag blev alltmer v\\u00e4nsterorienterad och best\\u00e4mde mig som ca 17-\\u00e5ring f\\u00f6r att flytta till en mer passande ungdomsorganisation: V\\u00e4nsterunga.&quot;,&quot;isAddTinyEditor&quot;:false},{&quot;icon&quot;:&quot;&lt;svg xmlns=&#039;http:\\\/\\\/www.w3.org\\\/2000\\\/svg&#039; viewBox=&#039;0 0 448 512&#039;&gt;&lt;path d=&#039;M64 32C28.7 32 0 60.7 0 96V416c0 35.3 28.7 64 64 64h98.2V334.2H109.4V256h52.8V222.3c0-87.1 39.4-127.5 125-127.5c16.2 0 44.2 3.2 55.7 6.4V172c-6-.6-16.5-1-29.6-1c-42 0-58.2 15.9-58.2 57.2V256h83.6l-14.4 78.2H255V480H384c35.3 0 64-28.7 64-64V96c0-35.3-28.7-64-64-64H64z&#039;\\\/&gt;&lt;\\\/svg&gt;&quot;,&quot;date&quot;:&quot;02-02-2002&quot;,&quot;label&quot;:&quot;2020&quot;,&quot;description&quot;:&quot;&lt;b&gt;Att g\\u00e5 med i V\\u00e4nsterunga&lt;\\\/b&gt;\\n\\nJag gick med i V\\u00e4nsterunga \\u00e5r 2020 efter att ha l\\u00e4mnat Svensk Ungdom. Jag hade l\\u00e4nge k\\u00e4nt att jag inte passade in i Svensk Ungdoms politiska klimat och efter att ha blivit alltmer v\\u00e4nsterorienterad \\u00e5r efter \\u00e5r best\\u00e4mde jag mig f\\u00f6r att flytta till V\\u00e4nsterunga.&quot;,&quot;isAddTinyEditor&quot;:false},{&quot;icon&quot;:&quot;&lt;svg xmlns=&#039;http:\\\/\\\/www.w3.org\\\/2000\\\/svg&#039; viewBox=&#039;0 0 448 512&#039;&gt;&lt;path d=&#039;M64 32C28.7 32 0 60.7 0 96V416c0 35.3 28.7 64 64 64h98.2V334.2H109.4V256h52.8V222.3c0-87.1 39.4-127.5 125-127.5c16.2 0 44.2 3.2 55.7 6.4V172c-6-.6-16.5-1-29.6-1c-42 0-58.2 15.9-58.2 57.2V256h83.6l-14.4 78.2H255V480H384c35.3 0 64-28.7 64-64V96c0-35.3-28.7-64-64-64H64z&#039;\\\/&gt;&lt;\\\/svg&gt;&quot;,&quot;date&quot;:&quot;02-02-2002&quot;,&quot;label&quot;:&quot;2023&quot;,&quot;description&quot;:&quot;&lt;b&gt;2023 \\u00e5rs skolockupationer&lt;\\\/b&gt;\\nDen f\\u00f6rsta protest jag organiserade var en skolockupation mot Petteri Orpos regerings nedsk\\u00e4rningar. Skolockupationer arrangerades p\\u00e5 gymnasier, h\\u00f6gskolor och yrkesh\\u00f6gskolor samtidigt runt om i Finland. T\\u00f6l\\u00f6 Gymnasium var det enda svenskspr\\u00e5kiga gymnasiet som ockuperades.\\n&lt;iframe src=\\&quot;https:\\\/\\\/www.hbl.fi\\\/2023-09-25\\\/tolostuderande-i-stodaktion-mot-nedskarningar-sfp-har-inte-vart-stod-till-detta\\\/\\&quot; title=\\&quot;HBL artikel\\&quot; width=\\&quot;550\\&quot; height=\\&quot;400\\&quot; float=\\&quot;left\\&quot;&gt; &lt;\\\/iframe&gt;&quot;,&quot;isAddTinyEditor&quot;:false},{&quot;icon&quot;:&quot;&lt;svg xmlns=&#039;http:\\\/\\\/www.w3.org\\\/2000\\\/svg&#039; viewBox=&#039;0 0 448 512&#039;&gt;&lt;path d=&#039;M64 32C28.7 32 0 60.7 0 96V416c0 35.3 28.7 64 64 64h98.2V334.2H109.4V256h52.8V222.3c0-87.1 39.4-127.5 125-127.5c16.2 0 44.2 3.2 55.7 6.4V172c-6-.6-16.5-1-29.6-1c-42 0-58.2 15.9-58.2 57.2V256h83.6l-14.4 78.2H255V480H384c35.3 0 64-28.7 64-64V96c0-35.3-28.7-64-64-64H64z&#039;\\\/&gt;&lt;\\\/svg&gt;&quot;,&quot;date&quot;:&quot;02-02-2002&quot;,&quot;label&quot;:&quot;2023&quot;,&quot;description&quot;:&quot;&lt;b&gt;V\\u00e4nsterungas f\\u00f6rbundskongress&lt;\\\/b&gt;\\n\\n\\u00c5r 2023 deltog jag f\\u00f6r f\\u00f6rsta g\\u00e5ngen i V\\u00e4nsterungas f\\u00f6rbundskongress i Bj\\u00f6rneborg.\\nF\\u00f6rbungskongressen var p\\u00e5 m\\u00e5nga s\\u00e4tt s\\u00e4rskilt viktigt. P\\u00e5 Bj\\u00f6rneborgs f\\u00f6rbundskongress beslutades bl.a. om V\\u00e4nsterungas \\u00e5tagande som V\\u00e4nsterf\\u00f6rbundets ungdomsorganisation&quot;,&quot;isAddTinyEditor&quot;:false},{&quot;icon&quot;:&quot;&lt;svg xmlns=&#039;http:\\\/\\\/www.w3.org\\\/2000\\\/svg&#039; viewBox=&#039;0 0 448 512&#039;&gt;&lt;path d=&#039;M64 32C28.7 32 0 60.7 0 96V416c0 35.3 28.7 64 64 64h98.2V334.2H109.4V256h52.8V222.3c0-87.1 39.4-127.5 125-127.5c16.2 0 44.2 3.2 55.7 6.4V172c-6-.6-16.5-1-29.6-1c-42 0-58.2 15.9-58.2 57.2V256h83.6l-14.4 78.2H255V480H384c35.3 0 64-28.7 64-64V96c0-35.3-28.7-64-64-64H64z&#039;\\\/&gt;&lt;\\\/svg&gt;&quot;,&quot;date&quot;:&quot;02-02-2002&quot;,&quot;label&quot;:&quot;2024&quot;,&quot;description&quot;:&quot;&lt;b&gt;Esbo V\\u00e4nsterunga&lt;\\\/b&gt;\\n\\nJag var med och \\u00e5terupplivade Esbo V\\u00e4nsterunga \\u00e5r 2024.&quot;,&quot;isAddTinyEditor&quot;:false},{&quot;icon&quot;:&quot;&lt;svg xmlns=&#039;http:\\\/\\\/www.w3.org\\\/2000\\\/svg&#039; viewBox=&#039;0 0 448 512&#039;&gt;&lt;path d=&#039;M64 32C28.7 32 0 60.7 0 96V416c0 35.3 28.7 64 64 64h98.2V334.2H109.4V256h52.8V222.3c0-87.1 39.4-127.5 125-127.5c16.2 0 44.2 3.2 55.7 6.4V172c-6-.6-16.5-1-29.6-1c-42 0-58.2 15.9-58.2 57.2V256h83.6l-14.4 78.2H255V480H384c35.3 0 64-28.7 64-64V96c0-35.3-28.7-64-64-64H64z&#039;\\\/&gt;&lt;\\\/svg&gt;&quot;,&quot;date&quot;:&quot;02-02-2002&quot;,&quot;label&quot;:&quot;2025-2026&quot;,&quot;description&quot;:&quot;&lt;b&gt;V\\u00e4rnpliktstj\\u00e4nstg\\u00f6ring&lt;\\\/b&gt;\\n\\nJag genomf\\u00f6rde min tj\\u00e4nstg\\u00f6ring efter kommunal- och v\\u00e4lf\\u00e4rdsomr\\u00e5desvalen. Min tj\\u00e4nstg\\u00f6ringsuppgift var ordf\\u00f6rande f\\u00f6r bev\\u00e4ringskommitt\\u00e9n, vilket var s\\u00e4rskilt l\\u00e4rorikt med tanke p\\u00e5 f\\u00f6rvaltnings- och organisationsverksamhet.\\n&lt;img src=\\&quot;https:\\\/\\\/www.maxlehti.fi\\\/wp-content\\\/uploads\\\/2026\\\/03\\\/Lehti_valmiit-6-scaled-e1773233213560.jpg\\&quot; width=400&gt;&quot;,&quot;isAddTinyEditor&quot;:false},{&quot;icon&quot;:&quot;&lt;svg xmlns=&#039;http:\\\/\\\/www.w3.org\\\/2000\\\/svg&#039; viewBox=&#039;0 0 448 512&#039;&gt;&lt;path d=&#039;M64 32C28.7 32 0 60.7 0 96V416c0 35.3 28.7 64 64 64h98.2V334.2H109.4V256h52.8V222.3c0-87.1 39.4-127.5 125-127.5c16.2 0 44.2 3.2 55.7 6.4V172c-6-.6-16.5-1-29.6-1c-42 0-58.2 15.9-58.2 57.2V256h83.6l-14.4 78.2H255V480H384c35.3 0 64-28.7 64-64V96c0-35.3-28.7-64-64-64H64z&#039;\\\/&gt;&lt;\\\/svg&gt;&quot;,&quot;date&quot;:&quot;02-02-2002&quot;,&quot;label&quot;:&quot;2025&quot;,&quot;description&quot;:&quot;&lt;b&gt;Kommunal- och v\\u00e4lf\\u00e4rdsomr\\u00e5desvalen&lt;\\\/b&gt;\\n\\u00c5r 2025 st\\u00e4llde jag upp i kommunal- och v\\u00e4lf\\u00e4rdsomr\\u00e5desvalen. Som f\\u00f6ljd av valen valdes jag till medlem i HUS Nationalspr\\u00e5ksn\\u00e4mnd.\\n&lt;iframe src=\\&quot;https:\\\/\\\/vaalit.yle.fi\\\/kv2025\\\/tulospalvelu\\\/fi\\\/municipalities\\\/49\\\/candidates\\\/?caid=272\\&quot; width=500 height=450&gt;&quot;,&quot;isAddTinyEditor&quot;:false},{&quot;icon&quot;:&quot;&lt;svg xmlns=&#039;http:\\\/\\\/www.w3.org\\\/2000\\\/svg&#039; viewBox=&#039;0 0 448 512&#039;&gt;&lt;path d=&#039;M64 32C28.7 32 0 60.7 0 96V416c0 35.3 28.7 64 64 64h98.2V334.2H109.4V256h52.8V222.3c0-87.1 39.4-127.5 125-127.5c16.2 0 44.2 3.2 55.7 6.4V172c-6-.6-16.5-1-29.6-1c-42 0-58.2 15.9-58.2 57.2V256h83.6l-14.4 78.2H255V480H384c35.3 0 64-28.7 64-64V96c0-35.3-28.7-64-64-64H64z&#039;\\\/&gt;&lt;\\\/svg&gt;&quot;,&quot;date&quot;:&quot;02-02-2002&quot;,&quot;label&quot;:&quot;2025-2029&quot;,&quot;description&quot;:&quot;&lt;b&gt;HUS Nationalspr\\u00e5ksn\\u00e4mnd (medlem)&lt;\\\/b&gt;\\n\\nSom f\\u00f6ljd av v\\u00e4lf\\u00e4rdsomr\\u00e5desvalsresultatet valdes jag till medlem i HUS Nationalspr\\u00e5ksn\\u00e4mnd.&quot;,&quot;isAddTinyEditor&quot;:false},{&quot;icon&quot;:&quot;&lt;svg xmlns=&#039;http:\\\/\\\/www.w3.org\\\/2000\\\/svg&#039; viewBox=&#039;0 0 448 512&#039;&gt;&lt;path d=&#039;M64 32C28.7 32 0 60.7 0 96V416c0 35.3 28.7 64 64 64h98.2V334.2H109.4V256h52.8V222.3c0-87.1 39.4-127.5 125-127.5c16.2 0 44.2 3.2 55.7 6.4V172c-6-.6-16.5-1-29.6-1c-42 0-58.2 15.9-58.2 57.2V256h83.6l-14.4 78.2H255V480H384c35.3 0 64-28.7 64-64V96c0-35.3-28.7-64-64-64H64z&#039;\\\/&gt;&lt;\\\/svg&gt;&quot;,&quot;date&quot;:&quot;02-02-2002&quot;,&quot;label&quot;:&quot;2026&quot;,&quot;description&quot;:&quot;&lt;b&gt;Styrelsemedlemskap i Esbo V\\u00e4nsterunga&lt;\\\/b&gt;\\n\\nI januari 2026, efter ungef\\u00e4r ett \\u00e5rs verksamhet, blev Esbo V\\u00e4nsterunga \\u00e5terigen en officiell organisation. En stor del av \\&quot;grundarmedlemmarna\\&quot; valdes in i styrelsen, inklusive mig sj\\u00e4lv.&quot;,&quot;isAddTinyEditor&quot;:false},{&quot;icon&quot;:&quot;&lt;svg xmlns=&#039;http:\\\/\\\/www.w3.org\\\/2000\\\/svg&#039; viewBox=&#039;0 0 448 512&#039;&gt;&lt;path d=&#039;M64 32C28.7 32 0 60.7 0 96V416c0 35.3 28.7 64 64 64h98.2V334.2H109.4V256h52.8V222.3c0-87.1 39.4-127.5 125-127.5c16.2 0 44.2 3.2 55.7 6.4V172c-6-.6-16.5-1-29.6-1c-42 0-58.2 15.9-58.2 57.2V256h83.6l-14.4 78.2H255V480H384c35.3 0 64-28.7 64-64V96c0-35.3-28.7-64-64-64H64z&#039;\\\/&gt;&lt;\\\/svg&gt;&quot;,&quot;date&quot;:&quot;02-02-2002&quot;,&quot;label&quot;:&quot;2026  \\u27f6&quot;,&quot;description&quot;:&quot;Det f\\u00e5r vi se vad framtiden har att erbjuda. Riksdagsvalen v\\u00e4ntar \\u00e5r 2027 och kommunal- och v\\u00e4lf\\u00e4rdsomr\\u00e5desvalen 2029.&quot;,&quot;isAddTinyEditor&quot;:false}],&quot;type&quot;:&quot;horizontal&quot;,&quot;labelLocation&quot;:&quot;top&quot;,&quot;startIndex&quot;:6,&quot;moveItem&quot;:100,&quot;barBackground&quot;:&quot;#fb9330&quot;,&quot;barDotColor&quot;:&quot;rgba(255, 255, 255, 1)&quot;,&quot;itemBg&quot;:&quot;rgba(165, 148, 118, 0.36)&quot;,&quot;itemColor&quot;:&quot;rgba(237, 237, 237, 1)&quot;,&quot;itemTypo&quot;:{&quot;fontSize&quot;:{&quot;desktop&quot;:&quot;16px&quot;,&quot;tablet&quot;:14,&quot;mobile&quot;:14},&quot;fontStyle&quot;:&quot;italic&quot;,&quot;fontWeight&quot;:400,&quot;fontVariant&quot;:&quot;400&quot;},&quot;itemBorder&quot;:{&quot;width&quot;:&quot;1px&quot;,&quot;color&quot;:&quot;rgba(255, 255, 255, 1)&quot;},&quot;labelTypo&quot;:{&quot;fontSize&quot;:{&quot;desktop&quot;:&quot;20px&quot;,&quot;tablet&quot;:16,&quot;mobile&quot;:16},&quot;fontFamily&quot;:&quot;Default&quot;,&quot;fontCategory&quot;:&quot;sans-serif&quot;,&quot;fontWeight&quot;:700,&quot;fontVariant&quot;:&quot;700&quot;,&quot;textDecoration&quot;:&quot;auto&quot;,&quot;fontStyle&quot;:&quot;italic&quot;,&quot;isUploadFont&quot;:true},&quot;labelColor&quot;:&quot;rgba(255, 255, 255, 1)&quot;,&quot;className&quot;:&quot;img {border-radius: 50%; }&quot;,&quot;align&quot;:&quot;&quot;,&quot;itemPosition&quot;:&quot;right&quot;,&quot;vigibleItems&quot;:4,&quot;verticalTrigger&quot;:&quot;150px&quot;,&quot;rtlMode&quot;:false,&quot;horizontalDatePosition&quot;:&quot;bottom&quot;,&quot;contentBorder&quot;:{&quot;width&quot;:&quot;1px&quot;,&quot;style&quot;:&quot;solid&quot;,&quot;color&quot;:&quot;#72aee6&quot;},&quot;theme&quot;:&quot;default&quot;,&quot;timelineBar&quot;:{&quot;width&quot;:&quot;3px&quot;,&quot;dotSize&quot;:20,&quot;progressBarbgColor&quot;:{&quot;color&quot;:&quot;linear-gradient(to bottom, #ff6a00, #ee0979)&quot;}},&quot;dateStyles&quot;:{&quot;dateTypo&quot;:{&quot;fontSize&quot;:{&quot;desktop&quot;:14,&quot;tablet&quot;:14,&quot;mobile&quot;:14}},&quot;dateColor&quot;:&quot;black&quot;,&quot;dateContainerSize&quot;:50,&quot;dateBg&quot;:{&quot;color&quot;:&quot;#06b6d4&quot;}},&quot;iconStyles&quot;:{&quot;iconColor&quot;:&quot;orangered&quot;,&quot;iconColorHover&quot;:&quot;red&quot;,&quot;iconSize&quot;:40,&quot;iconContainerSize&quot;:40,&quot;background&quot;:{&quot;normal&quot;:{&quot;color&quot;:&quot;white&quot;},&quot;hover&quot;:{&quot;color&quot;:&quot;red&quot;}},&quot;borderControl&quot;:{&quot;width&quot;:&quot;1px&quot;,&quot;color&quot;:&quot;rgba(18, 235, 195, 1)&quot;,&quot;style&quot;:&quot;inset&quot;},&quot;iconBorderHover&quot;:&quot;1px solid #efefef&quot;},&quot;theme8CardBorder&quot;:{&quot;width&quot;:&quot;3px&quot;,&quot;style&quot;:&quot;solid&quot;,&quot;color&quot;:&quot;#111111&quot;},&quot;theme8CardShadow&quot;:{&quot;offsetX&quot;:5,&quot;offsetY&quot;:5,&quot;color&quot;:&quot;#111111&quot;},&quot;theme8Animation&quot;:{&quot;enabled&quot;:true,&quot;type&quot;:&quot;slide-up&quot;,&quot;duration&quot;:600,&quot;delay&quot;:120},&quot;theme3Animation&quot;:{&quot;enabled&quot;:true,&quot;type&quot;:&quot;slide-up&quot;,&quot;duration&quot;:600,&quot;delay&quot;:120},&quot;theme5Animation&quot;:{&quot;enabled&quot;:true,&quot;type&quot;:&quot;slide-up&quot;,&quot;duration&quot;:600,&quot;delay&quot;:120},&quot;theme4Animation&quot;:{&quot;enabled&quot;:true,&quot;type&quot;:&quot;slide-up&quot;,&quot;duration&quot;:600,&quot;delay&quot;:120},&quot;accordionAnimation&quot;:{&quot;enabled&quot;:true,&quot;type&quot;:&quot;slide-up&quot;,&quot;duration&quot;:600,&quot;delay&quot;:120},&quot;theme9Animation&quot;:{&quot;enabled&quot;:true,&quot;type&quot;:&quot;slide-up&quot;,&quot;duration&quot;:600,&quot;delay&quot;:120},&quot;theme9CenturyStyles&quot;:{&quot;color&quot;:&quot;#ffffff&quot;,&quot;bg&quot;:&quot;#1a1a1a&quot;,&quot;borderColor&quot;:&quot;#ffffff&quot;,&quot;borderWidth&quot;:4,&quot;borderRadius&quot;:50,&quot;centuryTypo&quot;:{&quot;fontSize&quot;:{&quot;desktop&quot;:24,&quot;tablet&quot;:24,&quot;mobile&quot;:20}}}}'><\/div>\n\n\n<div style=\"height:500px\" aria-hidden=\"true\" class=\"wp-block-spacer\"><\/div>\n<\/div><\/div>\n\n\n\n<div class=\"wp-block-group has-background is-nowrap is-layout-flex wp-container-core-group-is-layout-117f5015 wp-block-group-is-layout-flex\" style=\"background:linear-gradient(180deg,rgb(17,17,17) 0%,rgb(17,17,17) 29%,rgb(251,147,48) 89%,rgb(251,147,48) 100%);margin-top:0;margin-bottom:0;padding-top:0;padding-right:0;padding-bottom:0;padding-left:0\">\n<div style=\"height:100px;width:0px\" aria-hidden=\"true\" class=\"wp-block-spacer wp-container-content-6388d5dc\"><\/div>\n\n\n<div id=\"trustindex-feed-container-instagram-8469e4b7e0b172a\"><\/div>\n\n\n\n<div style=\"height:100px;width:0px\" aria-hidden=\"true\" class=\"wp-block-spacer wp-container-content-6388d5dc\"><\/div>\n<\/div>\n\n\n\n<main class=\"wp-block-group has-contrast-background-color has-background has-global-padding is-layout-constrained wp-block-group-is-layout-constrained\" style=\"margin-top:var(--wp--preset--spacing--60)\"><\/main>\n","protected":false},"excerpt":{"rendered":"","protected":false},"author":1,"featured_media":0,"parent":0,"menu_order":0,"comment_status":"closed","ping_status":"closed","template":"","meta":{"footnotes":""},"class_list":["post-519","page","type-page","status-publish","hentry"],"aioseo_notices":[],"_links":{"self":[{"href":"https:\/\/www.maxlehti.fi\/index.php?rest_route=\/wp\/v2\/pages\/519","targetHints":{"allow":["GET"]}}],"collection":[{"href":"https:\/\/www.maxlehti.fi\/index.php?rest_route=\/wp\/v2\/pages"}],"about":[{"href":"https:\/\/www.maxlehti.fi\/index.php?rest_route=\/wp\/v2\/types\/page"}],"author":[{"embeddable":true,"href":"https:\/\/www.maxlehti.fi\/index.php?rest_route=\/wp\/v2\/users\/1"}],"replies":[{"embeddable":true,"href":"https:\/\/www.maxlehti.fi\/index.php?rest_route=%2Fwp%2Fv2%2Fcomments&post=519"}],"version-history":[{"count":5,"href":"https:\/\/www.maxlehti.fi\/index.php?rest_route=\/wp\/v2\/pages\/519\/revisions"}],"predecessor-version":[{"id":546,"href":"https:\/\/www.maxlehti.fi\/index.php?rest_route=\/wp\/v2\/pages\/519\/revisions\/546"}],"wp:attachment":[{"href":"https:\/\/www.maxlehti.fi\/index.php?rest_route=%2Fwp%2Fv2%2Fmedia&parent=519"}],"curies":[{"name":"wp","href":"https:\/\/api.w.org\/{rel}","templated":true}]}}