{"id":6,"date":"2025-10-22T16:26:53","date_gmt":"2025-10-22T13:26:53","guid":{"rendered":"https:\/\/www.maxlehti.fi\/?page_id=6"},"modified":"2026-03-12T09:02:16","modified_gmt":"2026-03-12T07:02:16","slug":"home","status":"publish","type":"page","link":"https:\/\/www.maxlehti.fi\/","title":{"rendered":"Home"},"content":{"rendered":"\n<div style=\"height:40px\" aria-hidden=\"true\" class=\"wp-block-spacer\"><\/div>\n\n\n\n<div class=\"wp-block-cover\" style=\"margin-top:0;margin-bottom:0;min-height:1225px;aspect-ratio:unset;\"><img loading=\"lazy\" decoding=\"async\" width=\"2048\" height=\"2560\" class=\"wp-block-cover__image-background wp-image-19 size-full\" alt=\"\" src=\"https:\/\/www.maxlehti.fi\/wp-content\/uploads\/2025\/10\/IMG_8806b-scaled.jpg\" style=\"object-position:50% 42%\" data-object-fit=\"cover\" data-object-position=\"50% 42%\" srcset=\"https:\/\/www.maxlehti.fi\/wp-content\/uploads\/2025\/10\/IMG_8806b-scaled.jpg 2048w, https:\/\/www.maxlehti.fi\/wp-content\/uploads\/2025\/10\/IMG_8806b-240x300.jpg 240w, https:\/\/www.maxlehti.fi\/wp-content\/uploads\/2025\/10\/IMG_8806b-819x1024.jpg 819w, https:\/\/www.maxlehti.fi\/wp-content\/uploads\/2025\/10\/IMG_8806b-768x960.jpg 768w, https:\/\/www.maxlehti.fi\/wp-content\/uploads\/2025\/10\/IMG_8806b-1229x1536.jpg 1229w, https:\/\/www.maxlehti.fi\/wp-content\/uploads\/2025\/10\/IMG_8806b-1638x2048.jpg 1638w\" sizes=\"auto, (max-width: 2048px) 100vw, 2048px\" \/><span aria-hidden=\"true\" class=\"wp-block-cover__background has-background-dim-100 has-background-dim wp-block-cover__gradient-background has-background-gradient\" style=\"background:linear-gradient(180deg,rgb(251,147,48) 0%,rgba(255,255,255,0) 17%,rgba(255,255,255,0) 56%,rgb(17,17,17) 96%,rgb(17,17,17) 100%)\"><\/span><div class=\"wp-block-cover__inner-container is-layout-flow wp-block-cover-is-layout-flow\">\n<p class=\"has-text-align-center has-bohemianwhisper-font-family has-xx-large-font-size\" style=\"margin-top:0;margin-right:0;margin-bottom:0;margin-left:0;padding-right:0;padding-left:0\">&#8230;kuka Max?<\/p>\n\n\n\n<p class=\"has-text-align-center\" style=\"padding-top:var(--wp--preset--spacing--20);padding-bottom:var(--wp--preset--spacing--20)\"><strong>Hei! Olen Max Lehti Espoon Kilosta.<\/strong><\/p>\n\n\n\n<p class=\"has-text-align-center is-style-default\" style=\"padding-top:0;padding-right:var(--wp--preset--spacing--50);padding-bottom:0;padding-left:var(--wp--preset--spacing--50)\"><strong>Vuodet 2024-2025 kuluivat pitk\u00e4lti kampanjoinnissa. Kunta- ja aluevaalien my\u00f6t\u00e4 minut valittiin edustamaan Vasemmistoliittoa HUSin Kansalliskielilautakuntaan, jossa teen ty\u00f6t\u00e4 edist\u00e4\u00e4kseni HUSin terveyspalveluiden saatavuutta molemmilla kansalliskielill\u00e4mme.<\/strong><\/p>\n\n\n\n<p class=\"has-text-align-center\" style=\"border-top-left-radius:0px;border-top-right-radius:0px;border-bottom-left-radius:0px;border-bottom-right-radius:0px;margin-top:0;margin-bottom:0;padding-top:var(--wp--preset--spacing--30);padding-right:var(--wp--preset--spacing--50);padding-bottom:0;padding-left:var(--wp--preset--spacing--50)\"><strong>Olen jo pitk\u00e4\u00e4n ollut aktiivinen Vasemmistonuorten j\u00e4sen. Vuonna 2024 olin mukana elvytt\u00e4m\u00e4ss\u00e4 Espoon Vasemmistonuoria. Sittemmin olen ollut mukana tuottamassa somesis\u00e4lt\u00f6\u00e4 sek\u00e4 Espoon Vasemmistonuorille, ett\u00e4 monille muillekin vasemmistolaisille toimijoille.<\/strong><\/p>\n\n\n<div class=\"align img {border-radius: 50%; } wp-block-tlgb-b-timeline-block\" id='BTimelineBlock-1'\r\n  data-attributes='{&quot;timelines&quot;:[{&quot;icon&quot;:&quot;&lt;svg xmlns=&#039;http:\\\/\\\/www.w3.org\\\/2000\\\/svg&#039; viewBox=&#039;0 0 448 512&#039;&gt;&lt;path d=&#039;M64 32C28.7 32 0 60.7 0 96V416c0 35.3 28.7 64 64 64h98.2V334.2H109.4V256h52.8V222.3c0-87.1 39.4-127.5 125-127.5c16.2 0 44.2 3.2 55.7 6.4V172c-6-.6-16.5-1-29.6-1c-42 0-58.2 15.9-58.2 57.2V256h83.6l-14.4 78.2H255V480H384c35.3 0 64-28.7 64-64V96c0-35.3-28.7-64-64-64H64z&#039;\\\/&gt;&lt;\\\/svg&gt;&quot;,&quot;date&quot;:&quot;02-02-2002&quot;,&quot;label&quot;:&quot;2017-2019&quot;,&quot;description&quot;:&quot;&lt;b&gt;Aika RKP Nuorissa (pimeyden ajat)&lt;\\\/b&gt;\\n\\nLiityin n. 14-vuotiaana RKP Nuoriin.\\nEhdin RKP Nuorissa istua kaksi kautta Uudenmaan piirihallituksen j\\u00e4senen\\u00e4, sek\\u00e4 varaj\\u00e4senen\\u00e4.\\nOpin j\\u00e4rjest\\u00f6ss\\u00e4 paljon, mutta huomasin aikuistuessani, ettei RKP:n (eik\\u00e4 RKP Nuorten) politiikka sopinutkaan minulle.\\nHuomasin vasemmistolaistuvani huomattavasti, ja p\\u00e4\\u00e4tin n. 17-vuotiaana siirty\\u00e4 sopivampaan nuorisoj\\u00e4rjest\\u00f6\\u00f6n: Vasemmistonuoriin&quot;,&quot;isAddTinyEditor&quot;:false},{&quot;icon&quot;:&quot;&lt;svg xmlns=&#039;http:\\\/\\\/www.w3.org\\\/2000\\\/svg&#039; viewBox=&#039;0 0 448 512&#039;&gt;&lt;path d=&#039;M64 32C28.7 32 0 60.7 0 96V416c0 35.3 28.7 64 64 64h98.2V334.2H109.4V256h52.8V222.3c0-87.1 39.4-127.5 125-127.5c16.2 0 44.2 3.2 55.7 6.4V172c-6-.6-16.5-1-29.6-1c-42 0-58.2 15.9-58.2 57.2V256h83.6l-14.4 78.2H255V480H384c35.3 0 64-28.7 64-64V96c0-35.3-28.7-64-64-64H64z&#039;\\\/&gt;&lt;\\\/svg&gt;&quot;,&quot;date&quot;:&quot;02-02-2002&quot;,&quot;label&quot;:&quot;2020&quot;,&quot;description&quot;:&quot;&lt;b&gt;Vasemmistonuoriin liittyminen&lt;\\\/b&gt;\\n\\nLiityin vuonna 2020 Vasemmistonuoriin erottuani RKP Nuorista. Olin pitk\\u00e4\\u00e4n kokenut, etten sopinut RKP Nuorten poliittiseen ilmapiiriin ja vasemmistolaistuttuani vuosi vuodelta, p\\u00e4\\u00e4tin siirty\\u00e4 Vasemmistonuoriin. &quot;,&quot;isAddTinyEditor&quot;:false},{&quot;icon&quot;:&quot;&lt;svg xmlns=&#039;http:\\\/\\\/www.w3.org\\\/2000\\\/svg&#039; viewBox=&#039;0 0 448 512&#039;&gt;&lt;path d=&#039;M64 32C28.7 32 0 60.7 0 96V416c0 35.3 28.7 64 64 64h98.2V334.2H109.4V256h52.8V222.3c0-87.1 39.4-127.5 125-127.5c16.2 0 44.2 3.2 55.7 6.4V172c-6-.6-16.5-1-29.6-1c-42 0-58.2 15.9-58.2 57.2V256h83.6l-14.4 78.2H255V480H384c35.3 0 64-28.7 64-64V96c0-35.3-28.7-64-64-64H64z&#039;\\\/&gt;&lt;\\\/svg&gt;&quot;,&quot;date&quot;:&quot;02-02-2002&quot;,&quot;label&quot;:&quot;2023&quot;,&quot;description&quot;:&quot;&lt;b&gt;Vuoden 2023 kouluvaltaukset&lt;\\\/b&gt;\\n\\nEnsimm\\u00e4inen j\\u00e4rjest\\u00e4m\\u00e4ni protesti oli Petteri Orpon hallituksen leikkauksia vastustava kouluvaltaus. Kouluvaltauksia j\\u00e4rjestettiin lukioissa, korkeakouluissa ja ammattikorkeakouluissa samaan aikaan ymp\\u00e4ri Suomea. T\\u00f6l\\u00f6 Gymnasium oli ainut ruotsinkielinen lukio, joka vallattiin.\\n\\n&lt;iframe  src=\\&quot;https:\\\/\\\/www.hbl.fi\\\/2023-09-25\\\/tolostuderande-i-stodaktion-mot-nedskarningar-sfp-har-inte-vart-stod-till-detta\\\/\\&quot; title=\\&quot;HBL artikel\\&quot; width=\\&quot;550\\&quot;height=\\&quot;400\\&quot;float=\\&quot;left\\&quot; &gt; &lt;\\\/iframe&gt; &quot;,&quot;isAddTinyEditor&quot;:false},{&quot;icon&quot;:&quot;&lt;svg xmlns=&#039;http:\\\/\\\/www.w3.org\\\/2000\\\/svg&#039; viewBox=&#039;0 0 448 512&#039;&gt;&lt;path d=&#039;M64 32C28.7 32 0 60.7 0 96V416c0 35.3 28.7 64 64 64h98.2V334.2H109.4V256h52.8V222.3c0-87.1 39.4-127.5 125-127.5c16.2 0 44.2 3.2 55.7 6.4V172c-6-.6-16.5-1-29.6-1c-42 0-58.2 15.9-58.2 57.2V256h83.6l-14.4 78.2H255V480H384c35.3 0 64-28.7 64-64V96c0-35.3-28.7-64-64-64H64z&#039;\\\/&gt;&lt;\\\/svg&gt;&quot;,&quot;date&quot;:&quot;02-02-2002&quot;,&quot;label&quot;:&quot;2023&quot;,&quot;description&quot;:&quot;&lt;b&gt;Vasemmistonuorten liittokokous&lt;\\\/b&gt;\\n\\nVuonna 2023 olin ensimm\\u00e4ist\\u00e4 kertaa Vasemmistonuorten Porin liittokokouksessa.  \\n\\nLiittokokous oli monella tapaa erityisen t\\u00e4rke\\u00e4. Porin liittokokouksessa p\\u00e4\\u00e4tettiin mm. Vasemmistonuorten sitoutumisesta Vasemmistoliiton nuorisoj\\u00e4rjest\\u00f6ksi. &quot;,&quot;isAddTinyEditor&quot;:false},{&quot;icon&quot;:&quot;&lt;svg xmlns=&#039;http:\\\/\\\/www.w3.org\\\/2000\\\/svg&#039; viewBox=&#039;0 0 448 512&#039;&gt;&lt;path d=&#039;M64 32C28.7 32 0 60.7 0 96V416c0 35.3 28.7 64 64 64h98.2V334.2H109.4V256h52.8V222.3c0-87.1 39.4-127.5 125-127.5c16.2 0 44.2 3.2 55.7 6.4V172c-6-.6-16.5-1-29.6-1c-42 0-58.2 15.9-58.2 57.2V256h83.6l-14.4 78.2H255V480H384c35.3 0 64-28.7 64-64V96c0-35.3-28.7-64-64-64H64z&#039;\\\/&gt;&lt;\\\/svg&gt;&quot;,&quot;date&quot;:&quot;02-02-2002&quot;,&quot;label&quot;:&quot;2024&quot;,&quot;description&quot;:&quot;&lt;b&gt;Espoon Vasemmistonuoret&lt;\\\/b&gt;\\n\\nOlin mukana elvytt\\u00e4m\\u00e4ss\\u00e4 Espoon Vasemmistonuoria vuonna 2024. &quot;,&quot;isAddTinyEditor&quot;:false},{&quot;icon&quot;:&quot;&lt;svg xmlns=&#039;http:\\\/\\\/www.w3.org\\\/2000\\\/svg&#039; viewBox=&#039;0 0 448 512&#039;&gt;&lt;path d=&#039;M64 32C28.7 32 0 60.7 0 96V416c0 35.3 28.7 64 64 64h98.2V334.2H109.4V256h52.8V222.3c0-87.1 39.4-127.5 125-127.5c16.2 0 44.2 3.2 55.7 6.4V172c-6-.6-16.5-1-29.6-1c-42 0-58.2 15.9-58.2 57.2V256h83.6l-14.4 78.2H255V480H384c35.3 0 64-28.7 64-64V96c0-35.3-28.7-64-64-64H64z&#039;\\\/&gt;&lt;\\\/svg&gt;&quot;,&quot;date&quot;:&quot;02-02-2002&quot;,&quot;label&quot;:&quot;2025-2026&quot;,&quot;description&quot;:&quot;&lt;b&gt;Varusmiespalvelus&lt;\\\/b&gt;\\n\\nSuoritin varusmiespalvelukseni alue- ja kuntavaalien j\\u00e4lkeen. Palvelusteht\\u00e4v\\u00e4ni oli varusmiestoimikunnan puheenjohtaja, mik\\u00e4 oli erityisen opettavaista hallinto- ja j\\u00e4rjest\\u00f6toiminnan suhteen.\\n\\n&lt;img src=\\&quot;https:\\\/\\\/www.maxlehti.fi\\\/wp-content\\\/uploads\\\/2026\\\/03\\\/Lehti_valmiit-6-scaled-e1773233213560.jpg\\&quot; width=400&gt;&quot;,&quot;isAddTinyEditor&quot;:false},{&quot;icon&quot;:&quot;&lt;svg xmlns=&#039;http:\\\/\\\/www.w3.org\\\/2000\\\/svg&#039; viewBox=&#039;0 0 448 512&#039;&gt;&lt;path d=&#039;M64 32C28.7 32 0 60.7 0 96V416c0 35.3 28.7 64 64 64h98.2V334.2H109.4V256h52.8V222.3c0-87.1 39.4-127.5 125-127.5c16.2 0 44.2 3.2 55.7 6.4V172c-6-.6-16.5-1-29.6-1c-42 0-58.2 15.9-58.2 57.2V256h83.6l-14.4 78.2H255V480H384c35.3 0 64-28.7 64-64V96c0-35.3-28.7-64-64-64H64z&#039;\\\/&gt;&lt;\\\/svg&gt;&quot;,&quot;date&quot;:&quot;02-02-2002&quot;,&quot;label&quot;:&quot;2025&quot;,&quot;description&quot;:&quot;&lt;b&gt;Kunta- ja aluevaalit&lt;\\\/b&gt;\\n\\nVuonna 2025 olin ehdolla kunta- ja aluevaaleissa. Vaalien seurauksena minut valittiin HUS Kansalliskielilautakunnan j\\u00e4seneksi\\n\\n&lt;iframe src=\\&quot;https:\\\/\\\/vaalit.yle.fi\\\/kv2025\\\/tulospalvelu\\\/fi\\\/municipalities\\\/49\\\/candidates\\\/?caid=272\\&quot; width=500 height=450&gt;&quot;,&quot;isAddTinyEditor&quot;:false},{&quot;icon&quot;:&quot;&lt;svg xmlns=&#039;http:\\\/\\\/www.w3.org\\\/2000\\\/svg&#039; viewBox=&#039;0 0 448 512&#039;&gt;&lt;path d=&#039;M64 32C28.7 32 0 60.7 0 96V416c0 35.3 28.7 64 64 64h98.2V334.2H109.4V256h52.8V222.3c0-87.1 39.4-127.5 125-127.5c16.2 0 44.2 3.2 55.7 6.4V172c-6-.6-16.5-1-29.6-1c-42 0-58.2 15.9-58.2 57.2V256h83.6l-14.4 78.2H255V480H384c35.3 0 64-28.7 64-64V96c0-35.3-28.7-64-64-64H64z&#039;\\\/&gt;&lt;\\\/svg&gt;&quot;,&quot;date&quot;:&quot;02-02-2002&quot;,&quot;label&quot;:&quot;2025-2029&quot;,&quot;description&quot;:&quot;&lt;b&gt;HUS Kansalliskielilautakunta (j\\u00e4sen)&lt;\\\/b&gt;\\n\\nAluevaalituloksen perusteella, minut valittiin HUS:in Kansalliskielilautakunnan j\\u00e4seneksi.&quot;,&quot;isAddTinyEditor&quot;:false},{&quot;icon&quot;:&quot;&lt;svg xmlns=&#039;http:\\\/\\\/www.w3.org\\\/2000\\\/svg&#039; viewBox=&#039;0 0 448 512&#039;&gt;&lt;path d=&#039;M64 32C28.7 32 0 60.7 0 96V416c0 35.3 28.7 64 64 64h98.2V334.2H109.4V256h52.8V222.3c0-87.1 39.4-127.5 125-127.5c16.2 0 44.2 3.2 55.7 6.4V172c-6-.6-16.5-1-29.6-1c-42 0-58.2 15.9-58.2 57.2V256h83.6l-14.4 78.2H255V480H384c35.3 0 64-28.7 64-64V96c0-35.3-28.7-64-64-64H64z&#039;\\\/&gt;&lt;\\\/svg&gt;&quot;,&quot;date&quot;:&quot;02-02-2002&quot;,&quot;label&quot;:&quot;2026&quot;,&quot;description&quot;:&quot;&lt;b&gt;Espoon Vasemmistonuorten hallitusj\\u00e4senyys&lt;\\\/b&gt;\\n\\nTammikuussa 2026, noin vuoden toiminnan j\\u00e4lkeen, Espoon Vasemmistonuorista tuli j\\u00e4lleen virallinen j\\u00e4rjest\\u00f6. Hallituksen j\\u00e4seniksi valittiin suuri osa \\&quot;perustajaj\\u00e4senist\\u00e4\\&quot;, minut mukaanlukien.&quot;,&quot;isAddTinyEditor&quot;:false},{&quot;icon&quot;:&quot;&lt;svg xmlns=&#039;http:\\\/\\\/www.w3.org\\\/2000\\\/svg&#039; viewBox=&#039;0 0 448 512&#039;&gt;&lt;path d=&#039;M64 32C28.7 32 0 60.7 0 96V416c0 35.3 28.7 64 64 64h98.2V334.2H109.4V256h52.8V222.3c0-87.1 39.4-127.5 125-127.5c16.2 0 44.2 3.2 55.7 6.4V172c-6-.6-16.5-1-29.6-1c-42 0-58.2 15.9-58.2 57.2V256h83.6l-14.4 78.2H255V480H384c35.3 0 64-28.7 64-64V96c0-35.3-28.7-64-64-64H64z&#039;\\\/&gt;&lt;\\\/svg&gt;&quot;,&quot;date&quot;:&quot;02-02-2002&quot;,&quot;label&quot;:&quot;2026  \\u27f6&quot;,&quot;description&quot;:&quot;Saa n\\u00e4hd\\u00e4 mit\\u00e4 tuleva pit\\u00e4\\u00e4. Eduskuntavaalit edess\\u00e4 vuonna 2027 ja kunta- ja aluevaalit 2029. &quot;,&quot;isAddTinyEditor&quot;:false}],&quot;type&quot;:&quot;horizontal&quot;,&quot;labelLocation&quot;:&quot;top&quot;,&quot;startIndex&quot;:6,&quot;moveItem&quot;:100,&quot;barBackground&quot;:&quot;#fb9330&quot;,&quot;barDotColor&quot;:&quot;rgba(255, 255, 255, 1)&quot;,&quot;itemBg&quot;:&quot;rgba(165, 148, 118, 0.36)&quot;,&quot;itemColor&quot;:&quot;rgba(237, 237, 237, 1)&quot;,&quot;itemTypo&quot;:{&quot;fontSize&quot;:{&quot;desktop&quot;:&quot;16px&quot;,&quot;tablet&quot;:14,&quot;mobile&quot;:14},&quot;fontStyle&quot;:&quot;italic&quot;,&quot;fontWeight&quot;:400,&quot;fontVariant&quot;:&quot;400&quot;},&quot;itemBorder&quot;:{&quot;width&quot;:&quot;1px&quot;,&quot;color&quot;:&quot;rgba(255, 255, 255, 1)&quot;},&quot;labelTypo&quot;:{&quot;fontSize&quot;:{&quot;desktop&quot;:&quot;20px&quot;,&quot;tablet&quot;:16,&quot;mobile&quot;:16},&quot;fontFamily&quot;:&quot;Default&quot;,&quot;fontCategory&quot;:&quot;sans-serif&quot;,&quot;fontWeight&quot;:700,&quot;fontVariant&quot;:&quot;700&quot;,&quot;textDecoration&quot;:&quot;auto&quot;,&quot;fontStyle&quot;:&quot;italic&quot;,&quot;isUploadFont&quot;:true},&quot;labelColor&quot;:&quot;rgba(255, 255, 255, 1)&quot;,&quot;className&quot;:&quot;img {border-radius: 50%; }&quot;,&quot;align&quot;:&quot;&quot;,&quot;itemPosition&quot;:&quot;right&quot;,&quot;vigibleItems&quot;:4,&quot;verticalTrigger&quot;:&quot;150px&quot;,&quot;rtlMode&quot;:false,&quot;horizontalDatePosition&quot;:&quot;bottom&quot;,&quot;contentBorder&quot;:{&quot;width&quot;:&quot;1px&quot;,&quot;style&quot;:&quot;solid&quot;,&quot;color&quot;:&quot;#72aee6&quot;},&quot;theme&quot;:&quot;default&quot;,&quot;timelineBar&quot;:{&quot;width&quot;:&quot;3px&quot;,&quot;dotSize&quot;:20,&quot;progressBarbgColor&quot;:{&quot;color&quot;:&quot;linear-gradient(to bottom, #ff6a00, #ee0979)&quot;}},&quot;dateStyles&quot;:{&quot;dateTypo&quot;:{&quot;fontSize&quot;:{&quot;desktop&quot;:14,&quot;tablet&quot;:14,&quot;mobile&quot;:14}},&quot;dateColor&quot;:&quot;black&quot;,&quot;dateContainerSize&quot;:50,&quot;dateBg&quot;:{&quot;color&quot;:&quot;#06b6d4&quot;}},&quot;iconStyles&quot;:{&quot;iconColor&quot;:&quot;orangered&quot;,&quot;iconColorHover&quot;:&quot;red&quot;,&quot;iconSize&quot;:40,&quot;iconContainerSize&quot;:40,&quot;background&quot;:{&quot;normal&quot;:{&quot;color&quot;:&quot;white&quot;},&quot;hover&quot;:{&quot;color&quot;:&quot;red&quot;}},&quot;borderControl&quot;:{&quot;width&quot;:&quot;1px&quot;,&quot;color&quot;:&quot;rgba(18, 235, 195, 1)&quot;,&quot;style&quot;:&quot;inset&quot;},&quot;iconBorderHover&quot;:&quot;1px solid #efefef&quot;},&quot;theme8CardBorder&quot;:{&quot;width&quot;:&quot;3px&quot;,&quot;style&quot;:&quot;solid&quot;,&quot;color&quot;:&quot;#111111&quot;},&quot;theme8CardShadow&quot;:{&quot;offsetX&quot;:5,&quot;offsetY&quot;:5,&quot;color&quot;:&quot;#111111&quot;},&quot;theme8Animation&quot;:{&quot;enabled&quot;:true,&quot;type&quot;:&quot;slide-up&quot;,&quot;duration&quot;:600,&quot;delay&quot;:120},&quot;theme3Animation&quot;:{&quot;enabled&quot;:true,&quot;type&quot;:&quot;slide-up&quot;,&quot;duration&quot;:600,&quot;delay&quot;:120},&quot;theme5Animation&quot;:{&quot;enabled&quot;:true,&quot;type&quot;:&quot;slide-up&quot;,&quot;duration&quot;:600,&quot;delay&quot;:120},&quot;theme4Animation&quot;:{&quot;enabled&quot;:true,&quot;type&quot;:&quot;slide-up&quot;,&quot;duration&quot;:600,&quot;delay&quot;:120},&quot;accordionAnimation&quot;:{&quot;enabled&quot;:true,&quot;type&quot;:&quot;slide-up&quot;,&quot;duration&quot;:600,&quot;delay&quot;:120},&quot;theme9Animation&quot;:{&quot;enabled&quot;:true,&quot;type&quot;:&quot;slide-up&quot;,&quot;duration&quot;:600,&quot;delay&quot;:120},&quot;theme9CenturyStyles&quot;:{&quot;color&quot;:&quot;#ffffff&quot;,&quot;bg&quot;:&quot;#1a1a1a&quot;,&quot;borderColor&quot;:&quot;#ffffff&quot;,&quot;borderWidth&quot;:4,&quot;borderRadius&quot;:50,&quot;centuryTypo&quot;:{&quot;fontSize&quot;:{&quot;desktop&quot;:24,&quot;tablet&quot;:24,&quot;mobile&quot;:20}}}}'><\/div>\n\n\n<div style=\"height:500px\" aria-hidden=\"true\" class=\"wp-block-spacer\"><\/div>\n<\/div><\/div>\n\n\n\n<div class=\"wp-block-group has-background is-nowrap is-layout-flex wp-container-core-group-is-layout-117f5015 wp-block-group-is-layout-flex\" style=\"background:linear-gradient(180deg,rgb(17,17,17) 0%,rgb(17,17,17) 29%,rgb(251,147,48) 89%,rgb(251,147,48) 100%);margin-top:0;margin-bottom:0;padding-top:0;padding-right:0;padding-bottom:0;padding-left:0\">\n<div style=\"height:100px;width:0px\" aria-hidden=\"true\" class=\"wp-block-spacer wp-container-content-6388d5dc\"><\/div>\n\n\n<div id=\"trustindex-feed-container-instagram-8469e245370ef9a\"><\/div>\n\n\n\n<div style=\"height:100px;width:0px\" aria-hidden=\"true\" class=\"wp-block-spacer wp-container-content-6388d5dc\"><\/div>\n<\/div>\n\n\n\n<main class=\"wp-block-group has-contrast-background-color has-background has-global-padding is-layout-constrained wp-block-group-is-layout-constrained\" style=\"margin-top:var(--wp--preset--spacing--60)\"><\/main>\n","protected":false},"excerpt":{"rendered":"","protected":false},"author":1,"featured_media":0,"parent":0,"menu_order":0,"comment_status":"closed","ping_status":"closed","template":"","meta":{"footnotes":""},"class_list":["post-6","page","type-page","status-publish","hentry"],"aioseo_notices":[],"_links":{"self":[{"href":"https:\/\/www.maxlehti.fi\/index.php?rest_route=\/wp\/v2\/pages\/6","targetHints":{"allow":["GET"]}}],"collection":[{"href":"https:\/\/www.maxlehti.fi\/index.php?rest_route=\/wp\/v2\/pages"}],"about":[{"href":"https:\/\/www.maxlehti.fi\/index.php?rest_route=\/wp\/v2\/types\/page"}],"author":[{"embeddable":true,"href":"https:\/\/www.maxlehti.fi\/index.php?rest_route=\/wp\/v2\/users\/1"}],"replies":[{"embeddable":true,"href":"https:\/\/www.maxlehti.fi\/index.php?rest_route=%2Fwp%2Fv2%2Fcomments&post=6"}],"version-history":[{"count":8,"href":"https:\/\/www.maxlehti.fi\/index.php?rest_route=\/wp\/v2\/pages\/6\/revisions"}],"predecessor-version":[{"id":538,"href":"https:\/\/www.maxlehti.fi\/index.php?rest_route=\/wp\/v2\/pages\/6\/revisions\/538"}],"wp:attachment":[{"href":"https:\/\/www.maxlehti.fi\/index.php?rest_route=%2Fwp%2Fv2%2Fmedia&parent=6"}],"curies":[{"name":"wp","href":"https:\/\/api.w.org\/{rel}","templated":true}]}}